{"id":5315,"date":"2026-03-19T09:54:38","date_gmt":"2026-03-19T08:54:38","guid":{"rendered":"https:\/\/organicals.it\/?post_type=product&#038;p=5315"},"modified":"2026-04-12T21:10:15","modified_gmt":"2026-04-12T19:10:15","slug":"curl-conditioner","status":"publish","type":"product","link":"https:\/\/organicals.it\/en\/product\/curl-conditioner\/","title":{"rendered":"CURL CONDITIONER"},"content":{"rendered":"<!DOCTYPE html PUBLIC \"-\/\/W3C\/\/DTD HTML 4.0 Transitional\/\/EN\" \"http:\/\/www.w3.org\/TR\/REC-html40\/loose.dtd\">\n<html><body><p>Balsamo nutriente e districante studiato per esaltare la forma naturale dei capelli ricci e renderli pi\u00f9 facili da gestire. Arricchito con estratto di semi di lino, aiuta a definire i ricci, a combattere l\u2019effetto crespo e a mantenere un\u2019idratazione profonda. I capelli risultano pi\u00f9 morbidi, elastici e facili da pettinare, per ricci ben definiti, leggeri, pieni di vitalit\u00e0 ed elasticit\u00e0.<\/p>\n<\/body><\/html>","protected":false},"excerpt":{"rendered":"<p>Balsamo nutriente e districante studiato per esaltare la forma naturale dei capelli ricci e renderli pi\u00f9 facili da gestire. Arricchito con estratto di semi di lino, aiuta a definire i ricci, a combattere l\u2019effetto crespo e a mantenere un\u2019idratazione profonda. I capelli risultano pi\u00f9 morbidi, elastici e facili da pettinare, per ricci ben definiti, leggeri, [&hellip;]<\/p>\n","protected":false},"featured_media":5345,"comment_status":"closed","ping_status":"closed","template":"","meta":[],"product_brand":[],"product_cat":[101],"product_tag":[],"class_list":{"0":"post-5315","1":"product","2":"type-product","3":"status-publish","4":"has-post-thumbnail","6":"product_cat-linea-waves","8":"first","9":"instock","10":"taxable","11":"shipping-taxable","12":"purchasable","13":"product-type-variable"},"yoast_head":"<!-- This site is optimized with the Yoast SEO plugin v27.4 - https:\/\/yoast.com\/product\/yoast-seo-wordpress\/ -->\n<title>CURL CONDITIONER - Organicals<\/title>\n<meta name=\"description\" content=\"Organicals balsamo nutriente e districante studiato per esaltare la forma naturale dei capelli ricci e renderli pi\u00f9 facili da gestire.\" \/>\n<meta name=\"robots\" content=\"index, follow, max-snippet:-1, max-image-preview:large, max-video-preview:-1\" \/>\n<link rel=\"canonical\" href=\"https:\/\/organicals.it\/en\/product\/curl-conditioner\/\" \/>\n<meta property=\"og:locale\" content=\"en_GB\" \/>\n<meta property=\"og:type\" content=\"article\" \/>\n<meta property=\"og:title\" content=\"CURL CONDITIONER - Organicals\" \/>\n<meta property=\"og:description\" content=\"Organicals balsamo nutriente e districante studiato per esaltare la forma naturale dei capelli ricci e renderli pi\u00f9 facili da gestire.\" \/>\n<meta property=\"og:url\" content=\"https:\/\/organicals.it\/en\/product\/curl-conditioner\/\" \/>\n<meta property=\"og:site_name\" content=\"Organicals\" \/>\n<meta property=\"article:modified_time\" content=\"2026-04-12T19:10:15+00:00\" \/>\n<meta property=\"og:image\" content=\"https:\/\/organicals.it\/wp-content\/uploads\/2026\/03\/Organicals-Waves-Curl-Conditioner-250-ml-scaled.jpeg\" \/>\n\t<meta property=\"og:image:width\" content=\"1706\" \/>\n\t<meta property=\"og:image:height\" content=\"2560\" \/>\n\t<meta property=\"og:image:type\" content=\"image\/jpeg\" \/>\n<meta name=\"twitter:card\" content=\"summary_large_image\" \/>\n<meta name=\"twitter:label1\" content=\"Estimated reading time\" \/>\n\t<meta name=\"twitter:data1\" content=\"1 minute\" \/>\n<script type=\"application\/ld+json\" class=\"yoast-schema-graph\">{\"@context\":\"https:\\\/\\\/schema.org\",\"@graph\":[{\"@type\":\"WebPage\",\"@id\":\"https:\\\/\\\/organicals.it\\\/prodotto\\\/curl-conditioner\\\/\",\"url\":\"https:\\\/\\\/organicals.it\\\/prodotto\\\/curl-conditioner\\\/\",\"name\":\"CURL CONDITIONER - Organicals\",\"isPartOf\":{\"@id\":\"https:\\\/\\\/organicals.it\\\/#website\"},\"primaryImageOfPage\":{\"@id\":\"https:\\\/\\\/organicals.it\\\/prodotto\\\/curl-conditioner\\\/#primaryimage\"},\"image\":{\"@id\":\"https:\\\/\\\/organicals.it\\\/prodotto\\\/curl-conditioner\\\/#primaryimage\"},\"thumbnailUrl\":\"https:\\\/\\\/organicals.it\\\/wp-content\\\/uploads\\\/2026\\\/03\\\/Organicals-Waves-Curl-Conditioner-250-ml-scaled.jpeg\",\"datePublished\":\"2026-03-19T08:54:38+00:00\",\"dateModified\":\"2026-04-12T19:10:15+00:00\",\"description\":\"Organicals balsamo nutriente e districante studiato per esaltare la forma naturale dei capelli ricci e renderli pi\u00f9 facili da gestire.\",\"breadcrumb\":{\"@id\":\"https:\\\/\\\/organicals.it\\\/prodotto\\\/curl-conditioner\\\/#breadcrumb\"},\"inLanguage\":\"en-GB\",\"potentialAction\":[{\"@type\":\"ReadAction\",\"target\":[\"https:\\\/\\\/organicals.it\\\/prodotto\\\/curl-conditioner\\\/\"]}]},{\"@type\":\"ImageObject\",\"inLanguage\":\"en-GB\",\"@id\":\"https:\\\/\\\/organicals.it\\\/prodotto\\\/curl-conditioner\\\/#primaryimage\",\"url\":\"https:\\\/\\\/organicals.it\\\/wp-content\\\/uploads\\\/2026\\\/03\\\/Organicals-Waves-Curl-Conditioner-250-ml-scaled.jpeg\",\"contentUrl\":\"https:\\\/\\\/organicals.it\\\/wp-content\\\/uploads\\\/2026\\\/03\\\/Organicals-Waves-Curl-Conditioner-250-ml-scaled.jpeg\",\"width\":1706,\"height\":2560,\"caption\":\"Organicals Waves Curl Conditioner 250 ml\"},{\"@type\":\"BreadcrumbList\",\"@id\":\"https:\\\/\\\/organicals.it\\\/prodotto\\\/curl-conditioner\\\/#breadcrumb\",\"itemListElement\":[{\"@type\":\"ListItem\",\"position\":1,\"name\":\"Home\",\"item\":\"https:\\\/\\\/organicals.it\\\/\"},{\"@type\":\"ListItem\",\"position\":2,\"name\":\"Shop\",\"item\":\"https:\\\/\\\/organicals.it\\\/negozio\\\/\"},{\"@type\":\"ListItem\",\"position\":3,\"name\":\"CURL CONDITIONER\"}]},{\"@type\":\"WebSite\",\"@id\":\"https:\\\/\\\/organicals.it\\\/#website\",\"url\":\"https:\\\/\\\/organicals.it\\\/\",\"name\":\"Organicals\",\"description\":\"Under Construction\",\"publisher\":{\"@id\":\"https:\\\/\\\/organicals.it\\\/#organization\"},\"potentialAction\":[{\"@type\":\"SearchAction\",\"target\":{\"@type\":\"EntryPoint\",\"urlTemplate\":\"https:\\\/\\\/organicals.it\\\/?s={search_term_string}\"},\"query-input\":{\"@type\":\"PropertyValueSpecification\",\"valueRequired\":true,\"valueName\":\"search_term_string\"}}],\"inLanguage\":\"en-GB\"},{\"@type\":\"Organization\",\"@id\":\"https:\\\/\\\/organicals.it\\\/#organization\",\"name\":\"Organicals\",\"url\":\"https:\\\/\\\/organicals.it\\\/\",\"logo\":{\"@type\":\"ImageObject\",\"inLanguage\":\"en-GB\",\"@id\":\"https:\\\/\\\/organicals.it\\\/#\\\/schema\\\/logo\\\/image\\\/\",\"url\":\"https:\\\/\\\/organicals.it\\\/wp-content\\\/uploads\\\/2023\\\/09\\\/organicals-logo-black-1-1.png\",\"contentUrl\":\"https:\\\/\\\/organicals.it\\\/wp-content\\\/uploads\\\/2023\\\/09\\\/organicals-logo-black-1-1.png\",\"width\":323,\"height\":36,\"caption\":\"Organicals\"},\"image\":{\"@id\":\"https:\\\/\\\/organicals.it\\\/#\\\/schema\\\/logo\\\/image\\\/\"}}]}<\/script>\n<!-- \/ Yoast SEO plugin. -->","yoast_head_json":{"title":"CURL CONDITIONER - Organicals","description":"Organicals balsamo nutriente e districante studiato per esaltare la forma naturale dei capelli ricci e renderli pi\u00f9 facili da gestire.","robots":{"index":"index","follow":"follow","max-snippet":"max-snippet:-1","max-image-preview":"max-image-preview:large","max-video-preview":"max-video-preview:-1"},"canonical":"https:\/\/organicals.it\/en\/product\/curl-conditioner\/","og_locale":"en_GB","og_type":"article","og_title":"CURL CONDITIONER - Organicals","og_description":"Organicals balsamo nutriente e districante studiato per esaltare la forma naturale dei capelli ricci e renderli pi\u00f9 facili da gestire.","og_url":"https:\/\/organicals.it\/en\/product\/curl-conditioner\/","og_site_name":"Organicals","article_modified_time":"2026-04-12T19:10:15+00:00","og_image":[{"width":1706,"height":2560,"url":"https:\/\/organicals.it\/wp-content\/uploads\/2026\/03\/Organicals-Waves-Curl-Conditioner-250-ml-scaled.jpeg","type":"image\/jpeg"}],"twitter_card":"summary_large_image","twitter_misc":{"Estimated reading time":"1 minute"},"schema":{"@context":"https:\/\/schema.org","@graph":[{"@type":"WebPage","@id":"https:\/\/organicals.it\/prodotto\/curl-conditioner\/","url":"https:\/\/organicals.it\/prodotto\/curl-conditioner\/","name":"CURL CONDITIONER - Organicals","isPartOf":{"@id":"https:\/\/organicals.it\/#website"},"primaryImageOfPage":{"@id":"https:\/\/organicals.it\/prodotto\/curl-conditioner\/#primaryimage"},"image":{"@id":"https:\/\/organicals.it\/prodotto\/curl-conditioner\/#primaryimage"},"thumbnailUrl":"https:\/\/organicals.it\/wp-content\/uploads\/2026\/03\/Organicals-Waves-Curl-Conditioner-250-ml-scaled.jpeg","datePublished":"2026-03-19T08:54:38+00:00","dateModified":"2026-04-12T19:10:15+00:00","description":"Organicals balsamo nutriente e districante studiato per esaltare la forma naturale dei capelli ricci e renderli pi\u00f9 facili da gestire.","breadcrumb":{"@id":"https:\/\/organicals.it\/prodotto\/curl-conditioner\/#breadcrumb"},"inLanguage":"en-GB","potentialAction":[{"@type":"ReadAction","target":["https:\/\/organicals.it\/prodotto\/curl-conditioner\/"]}]},{"@type":"ImageObject","inLanguage":"en-GB","@id":"https:\/\/organicals.it\/prodotto\/curl-conditioner\/#primaryimage","url":"https:\/\/organicals.it\/wp-content\/uploads\/2026\/03\/Organicals-Waves-Curl-Conditioner-250-ml-scaled.jpeg","contentUrl":"https:\/\/organicals.it\/wp-content\/uploads\/2026\/03\/Organicals-Waves-Curl-Conditioner-250-ml-scaled.jpeg","width":1706,"height":2560,"caption":"Organicals Waves Curl Conditioner 250 ml"},{"@type":"BreadcrumbList","@id":"https:\/\/organicals.it\/prodotto\/curl-conditioner\/#breadcrumb","itemListElement":[{"@type":"ListItem","position":1,"name":"Home","item":"https:\/\/organicals.it\/"},{"@type":"ListItem","position":2,"name":"Shop","item":"https:\/\/organicals.it\/negozio\/"},{"@type":"ListItem","position":3,"name":"CURL CONDITIONER"}]},{"@type":"WebSite","@id":"https:\/\/organicals.it\/#website","url":"https:\/\/organicals.it\/","name":"Organicals","description":"Under Construction","publisher":{"@id":"https:\/\/organicals.it\/#organization"},"potentialAction":[{"@type":"SearchAction","target":{"@type":"EntryPoint","urlTemplate":"https:\/\/organicals.it\/?s={search_term_string}"},"query-input":{"@type":"PropertyValueSpecification","valueRequired":true,"valueName":"search_term_string"}}],"inLanguage":"en-GB"},{"@type":"Organization","@id":"https:\/\/organicals.it\/#organization","name":"Organicals","url":"https:\/\/organicals.it\/","logo":{"@type":"ImageObject","inLanguage":"en-GB","@id":"https:\/\/organicals.it\/#\/schema\/logo\/image\/","url":"https:\/\/organicals.it\/wp-content\/uploads\/2023\/09\/organicals-logo-black-1-1.png","contentUrl":"https:\/\/organicals.it\/wp-content\/uploads\/2023\/09\/organicals-logo-black-1-1.png","width":323,"height":36,"caption":"Organicals"},"image":{"@id":"https:\/\/organicals.it\/#\/schema\/logo\/image\/"}}]}},"_links":{"self":[{"href":"https:\/\/organicals.it\/en\/wp-json\/wp\/v2\/product\/5315","targetHints":{"allow":["GET"]}}],"collection":[{"href":"https:\/\/organicals.it\/en\/wp-json\/wp\/v2\/product"}],"about":[{"href":"https:\/\/organicals.it\/en\/wp-json\/wp\/v2\/types\/product"}],"replies":[{"embeddable":true,"href":"https:\/\/organicals.it\/en\/wp-json\/wp\/v2\/comments?post=5315"}],"wp:featuredmedia":[{"embeddable":true,"href":"https:\/\/organicals.it\/en\/wp-json\/wp\/v2\/media\/5345"}],"wp:attachment":[{"href":"https:\/\/organicals.it\/en\/wp-json\/wp\/v2\/media?parent=5315"}],"wp:term":[{"taxonomy":"product_brand","embeddable":true,"href":"https:\/\/organicals.it\/en\/wp-json\/wp\/v2\/product_brand?post=5315"},{"taxonomy":"product_cat","embeddable":true,"href":"https:\/\/organicals.it\/en\/wp-json\/wp\/v2\/product_cat?post=5315"},{"taxonomy":"product_tag","embeddable":true,"href":"https:\/\/organicals.it\/en\/wp-json\/wp\/v2\/product_tag?post=5315"}],"curies":[{"name":"wp","href":"https:\/\/api.w.org\/{rel}","templated":true}]}}