{"id":4665,"date":"2023-11-03T11:40:10","date_gmt":"2023-11-03T10:40:10","guid":{"rendered":"https:\/\/organicals.it\/?post_type=product&#038;p=4665"},"modified":"2025-05-29T19:16:37","modified_gmt":"2025-05-29T17:16:37","slug":"after-color-shampoo","status":"publish","type":"product","link":"https:\/\/organicals.it\/en\/product\/after-color-shampoo\/","title":{"rendered":"AFTER COLOR SHAMPOO"},"content":{"rendered":"<!DOCTYPE html PUBLIC \"-\/\/W3C\/\/DTD HTML 4.0 Transitional\/\/EN\" \"http:\/\/www.w3.org\/TR\/REC-html40\/loose.dtd\">\n<html><body><p>Regenerating and restructuring shampoo based on Moringa oil, ideal for treated, dry, or damaged hair. When applied, it helps to detangle the hair, making it easier to comb. The hair appears revitalized and strengthened right away.<\/p>\n<p>\u00a0<\/p>\n<p><strong>Specific Features:<\/strong><br>\n\u2022 Acidic pH formulation;<br>\n\u2022 Ideal for colored, damaged, or treated hair;<br>\n\u2022 Intensifies color;<br>\n\u2022 Illuminates the hair;<br>\n\u2022 Counteracts fading of the dye;<br>\n\u2022 With natural active ingredients;<br>\n\u2022 Softens the hair.<\/p>\n<p>\u00a0<\/p>\n<p><strong>How you'll feel with After Color Shampoo:<\/strong><br>\nAfter Color Shampoo will extend the life of the color, making it always vibrant and uniform. Every day, you can enjoy perfect coloring, keeping your hair soft and allowing you to make the most of every moment in your life.<\/p>\n<\/body><\/html>","protected":false},"excerpt":{"rendered":"<p>Shampoo professionale dal PH acido, ideato per capelli colorati, trattati o danneggiati. Grazie al suo valido aiuto e agli ingredienti naturali i capelli manterranno la tintura, che risulter\u00e0 pi\u00f9 intensa. Inoltre, la chioma risulter\u00e0 pi\u00f9 morbida e lucente. \u00a0 Caratteristiche specifiche: \u2022 formulazione a PH acido; \u2022 ideale per capelli colorati, danneggiati o trattati; \u2022 [&hellip;]<\/p>\n","protected":false},"featured_media":4667,"comment_status":"open","ping_status":"closed","template":"","meta":[],"product_brand":[],"product_cat":[91],"product_tag":[],"class_list":{"0":"post-4665","1":"product","2":"type-product","3":"status-publish","4":"has-post-thumbnail","6":"product_cat-linea-keeper","8":"first","9":"instock","10":"taxable","11":"shipping-taxable","12":"purchasable","13":"product-type-variable"},"yoast_head":"<!-- This site is optimized with the Yoast SEO plugin v27.4 - https:\/\/yoast.com\/product\/yoast-seo-wordpress\/ -->\n<title>AFTER COLOR SHAMPOO - Organicals<\/title>\n<meta name=\"robots\" content=\"index, follow, max-snippet:-1, max-image-preview:large, max-video-preview:-1\" \/>\n<link rel=\"canonical\" href=\"https:\/\/organicals.it\/en\/product\/after-color-shampoo\/\" \/>\n<meta property=\"og:locale\" content=\"en_GB\" \/>\n<meta property=\"og:type\" content=\"article\" \/>\n<meta property=\"og:title\" content=\"AFTER COLOR SHAMPOO - Organicals\" \/>\n<meta property=\"og:description\" content=\"Shampoo professionale dal PH acido, ideato per capelli colorati, trattati o danneggiati. Grazie al suo valido aiuto e agli ingredienti naturali i capelli manterranno la tintura, che risulter\u00e0 pi\u00f9 intensa. Inoltre, la chioma risulter\u00e0 pi\u00f9 morbida e lucente. \u00a0 Caratteristiche specifiche: \u2022 formulazione a PH acido; \u2022 ideale per capelli colorati, danneggiati o trattati; \u2022 [&hellip;]\" \/>\n<meta property=\"og:url\" content=\"https:\/\/organicals.it\/en\/product\/after-color-shampoo\/\" \/>\n<meta property=\"og:site_name\" content=\"Organicals\" \/>\n<meta property=\"article:modified_time\" content=\"2025-05-29T17:16:37+00:00\" \/>\n<meta property=\"og:image\" content=\"https:\/\/organicals.it\/wp-content\/uploads\/2023\/11\/Keeper-After-Color-Shampoo-250-ml-3_resized.jpg\" \/>\n\t<meta property=\"og:image:width\" content=\"1000\" \/>\n\t<meta property=\"og:image:height\" content=\"1500\" \/>\n\t<meta property=\"og:image:type\" content=\"image\/jpeg\" \/>\n<meta name=\"twitter:card\" content=\"summary_large_image\" \/>\n<meta name=\"twitter:label1\" content=\"Estimated reading time\" \/>\n\t<meta name=\"twitter:data1\" content=\"1 minute\" \/>\n<script type=\"application\/ld+json\" class=\"yoast-schema-graph\">{\"@context\":\"https:\\\/\\\/schema.org\",\"@graph\":[{\"@type\":\"WebPage\",\"@id\":\"https:\\\/\\\/organicals.it\\\/en\\\/product\\\/after-color-shampoo\\\/\",\"url\":\"https:\\\/\\\/organicals.it\\\/en\\\/product\\\/after-color-shampoo\\\/\",\"name\":\"AFTER COLOR SHAMPOO - Organicals\",\"isPartOf\":{\"@id\":\"https:\\\/\\\/organicals.it\\\/#website\"},\"primaryImageOfPage\":{\"@id\":\"https:\\\/\\\/organicals.it\\\/en\\\/product\\\/after-color-shampoo\\\/#primaryimage\"},\"image\":{\"@id\":\"https:\\\/\\\/organicals.it\\\/en\\\/product\\\/after-color-shampoo\\\/#primaryimage\"},\"thumbnailUrl\":\"https:\\\/\\\/organicals.it\\\/wp-content\\\/uploads\\\/2023\\\/11\\\/Keeper-After-Color-Shampoo-250-ml-3_resized.jpg\",\"datePublished\":\"2023-11-03T10:40:10+00:00\",\"dateModified\":\"2025-05-29T17:16:37+00:00\",\"breadcrumb\":{\"@id\":\"https:\\\/\\\/organicals.it\\\/en\\\/product\\\/after-color-shampoo\\\/#breadcrumb\"},\"inLanguage\":\"en-GB\",\"potentialAction\":[{\"@type\":\"ReadAction\",\"target\":[\"https:\\\/\\\/organicals.it\\\/en\\\/product\\\/after-color-shampoo\\\/\"]}]},{\"@type\":\"ImageObject\",\"inLanguage\":\"en-GB\",\"@id\":\"https:\\\/\\\/organicals.it\\\/en\\\/product\\\/after-color-shampoo\\\/#primaryimage\",\"url\":\"https:\\\/\\\/organicals.it\\\/wp-content\\\/uploads\\\/2023\\\/11\\\/Keeper-After-Color-Shampoo-250-ml-3_resized.jpg\",\"contentUrl\":\"https:\\\/\\\/organicals.it\\\/wp-content\\\/uploads\\\/2023\\\/11\\\/Keeper-After-Color-Shampoo-250-ml-3_resized.jpg\",\"width\":1000,\"height\":1500},{\"@type\":\"BreadcrumbList\",\"@id\":\"https:\\\/\\\/organicals.it\\\/en\\\/product\\\/after-color-shampoo\\\/#breadcrumb\",\"itemListElement\":[{\"@type\":\"ListItem\",\"position\":1,\"name\":\"Home\",\"item\":\"https:\\\/\\\/organicals.it\\\/\"},{\"@type\":\"ListItem\",\"position\":2,\"name\":\"Shop\",\"item\":\"https:\\\/\\\/organicals.it\\\/negozio\\\/\"},{\"@type\":\"ListItem\",\"position\":3,\"name\":\"AFTER COLOR SHAMPOO\"}]},{\"@type\":\"WebSite\",\"@id\":\"https:\\\/\\\/organicals.it\\\/#website\",\"url\":\"https:\\\/\\\/organicals.it\\\/\",\"name\":\"Organicals\",\"description\":\"Under Construction\",\"publisher\":{\"@id\":\"https:\\\/\\\/organicals.it\\\/#organization\"},\"potentialAction\":[{\"@type\":\"SearchAction\",\"target\":{\"@type\":\"EntryPoint\",\"urlTemplate\":\"https:\\\/\\\/organicals.it\\\/?s={search_term_string}\"},\"query-input\":{\"@type\":\"PropertyValueSpecification\",\"valueRequired\":true,\"valueName\":\"search_term_string\"}}],\"inLanguage\":\"en-GB\"},{\"@type\":\"Organization\",\"@id\":\"https:\\\/\\\/organicals.it\\\/#organization\",\"name\":\"Organicals\",\"url\":\"https:\\\/\\\/organicals.it\\\/\",\"logo\":{\"@type\":\"ImageObject\",\"inLanguage\":\"en-GB\",\"@id\":\"https:\\\/\\\/organicals.it\\\/#\\\/schema\\\/logo\\\/image\\\/\",\"url\":\"https:\\\/\\\/organicals.it\\\/wp-content\\\/uploads\\\/2023\\\/09\\\/organicals-logo-black-1-1.png\",\"contentUrl\":\"https:\\\/\\\/organicals.it\\\/wp-content\\\/uploads\\\/2023\\\/09\\\/organicals-logo-black-1-1.png\",\"width\":323,\"height\":36,\"caption\":\"Organicals\"},\"image\":{\"@id\":\"https:\\\/\\\/organicals.it\\\/#\\\/schema\\\/logo\\\/image\\\/\"}}]}<\/script>\n<!-- \/ Yoast SEO plugin. -->","yoast_head_json":{"title":"AFTER COLOR SHAMPOO - Organicals","robots":{"index":"index","follow":"follow","max-snippet":"max-snippet:-1","max-image-preview":"max-image-preview:large","max-video-preview":"max-video-preview:-1"},"canonical":"https:\/\/organicals.it\/en\/product\/after-color-shampoo\/","og_locale":"en_GB","og_type":"article","og_title":"AFTER COLOR SHAMPOO - Organicals","og_description":"Shampoo professionale dal PH acido, ideato per capelli colorati, trattati o danneggiati. Grazie al suo valido aiuto e agli ingredienti naturali i capelli manterranno la tintura, che risulter\u00e0 pi\u00f9 intensa. Inoltre, la chioma risulter\u00e0 pi\u00f9 morbida e lucente. \u00a0 Caratteristiche specifiche: \u2022 formulazione a PH acido; \u2022 ideale per capelli colorati, danneggiati o trattati; \u2022 [&hellip;]","og_url":"https:\/\/organicals.it\/en\/product\/after-color-shampoo\/","og_site_name":"Organicals","article_modified_time":"2025-05-29T17:16:37+00:00","og_image":[{"width":1000,"height":1500,"url":"https:\/\/organicals.it\/wp-content\/uploads\/2023\/11\/Keeper-After-Color-Shampoo-250-ml-3_resized.jpg","type":"image\/jpeg"}],"twitter_card":"summary_large_image","twitter_misc":{"Estimated reading time":"1 minute"},"schema":{"@context":"https:\/\/schema.org","@graph":[{"@type":"WebPage","@id":"https:\/\/organicals.it\/en\/product\/after-color-shampoo\/","url":"https:\/\/organicals.it\/en\/product\/after-color-shampoo\/","name":"AFTER COLOR SHAMPOO - Organicals","isPartOf":{"@id":"https:\/\/organicals.it\/#website"},"primaryImageOfPage":{"@id":"https:\/\/organicals.it\/en\/product\/after-color-shampoo\/#primaryimage"},"image":{"@id":"https:\/\/organicals.it\/en\/product\/after-color-shampoo\/#primaryimage"},"thumbnailUrl":"https:\/\/organicals.it\/wp-content\/uploads\/2023\/11\/Keeper-After-Color-Shampoo-250-ml-3_resized.jpg","datePublished":"2023-11-03T10:40:10+00:00","dateModified":"2025-05-29T17:16:37+00:00","breadcrumb":{"@id":"https:\/\/organicals.it\/en\/product\/after-color-shampoo\/#breadcrumb"},"inLanguage":"en-GB","potentialAction":[{"@type":"ReadAction","target":["https:\/\/organicals.it\/en\/product\/after-color-shampoo\/"]}]},{"@type":"ImageObject","inLanguage":"en-GB","@id":"https:\/\/organicals.it\/en\/product\/after-color-shampoo\/#primaryimage","url":"https:\/\/organicals.it\/wp-content\/uploads\/2023\/11\/Keeper-After-Color-Shampoo-250-ml-3_resized.jpg","contentUrl":"https:\/\/organicals.it\/wp-content\/uploads\/2023\/11\/Keeper-After-Color-Shampoo-250-ml-3_resized.jpg","width":1000,"height":1500},{"@type":"BreadcrumbList","@id":"https:\/\/organicals.it\/en\/product\/after-color-shampoo\/#breadcrumb","itemListElement":[{"@type":"ListItem","position":1,"name":"Home","item":"https:\/\/organicals.it\/"},{"@type":"ListItem","position":2,"name":"Shop","item":"https:\/\/organicals.it\/negozio\/"},{"@type":"ListItem","position":3,"name":"AFTER COLOR SHAMPOO"}]},{"@type":"WebSite","@id":"https:\/\/organicals.it\/#website","url":"https:\/\/organicals.it\/","name":"Organicals","description":"Under Construction","publisher":{"@id":"https:\/\/organicals.it\/#organization"},"potentialAction":[{"@type":"SearchAction","target":{"@type":"EntryPoint","urlTemplate":"https:\/\/organicals.it\/?s={search_term_string}"},"query-input":{"@type":"PropertyValueSpecification","valueRequired":true,"valueName":"search_term_string"}}],"inLanguage":"en-GB"},{"@type":"Organization","@id":"https:\/\/organicals.it\/#organization","name":"Organicals","url":"https:\/\/organicals.it\/","logo":{"@type":"ImageObject","inLanguage":"en-GB","@id":"https:\/\/organicals.it\/#\/schema\/logo\/image\/","url":"https:\/\/organicals.it\/wp-content\/uploads\/2023\/09\/organicals-logo-black-1-1.png","contentUrl":"https:\/\/organicals.it\/wp-content\/uploads\/2023\/09\/organicals-logo-black-1-1.png","width":323,"height":36,"caption":"Organicals"},"image":{"@id":"https:\/\/organicals.it\/#\/schema\/logo\/image\/"}}]}},"_links":{"self":[{"href":"https:\/\/organicals.it\/en\/wp-json\/wp\/v2\/product\/4665","targetHints":{"allow":["GET"]}}],"collection":[{"href":"https:\/\/organicals.it\/en\/wp-json\/wp\/v2\/product"}],"about":[{"href":"https:\/\/organicals.it\/en\/wp-json\/wp\/v2\/types\/product"}],"replies":[{"embeddable":true,"href":"https:\/\/organicals.it\/en\/wp-json\/wp\/v2\/comments?post=4665"}],"wp:featuredmedia":[{"embeddable":true,"href":"https:\/\/organicals.it\/en\/wp-json\/wp\/v2\/media\/4667"}],"wp:attachment":[{"href":"https:\/\/organicals.it\/en\/wp-json\/wp\/v2\/media?parent=4665"}],"wp:term":[{"taxonomy":"product_brand","embeddable":true,"href":"https:\/\/organicals.it\/en\/wp-json\/wp\/v2\/product_brand?post=4665"},{"taxonomy":"product_cat","embeddable":true,"href":"https:\/\/organicals.it\/en\/wp-json\/wp\/v2\/product_cat?post=4665"},{"taxonomy":"product_tag","embeddable":true,"href":"https:\/\/organicals.it\/en\/wp-json\/wp\/v2\/product_tag?post=4665"}],"curies":[{"name":"wp","href":"https:\/\/api.w.org\/{rel}","templated":true}]}}