{"id":2,"date":"2023-09-26T12:27:15","date_gmt":"2023-09-26T10:27:15","guid":{"rendered":"https:\/\/organicals.it\/?page_id=2"},"modified":"2023-09-26T12:27:15","modified_gmt":"2023-09-26T10:27:15","slug":"pagina-di-esempio","status":"publish","type":"page","link":"https:\/\/organicals.it\/en\/pagina-di-esempio\/","title":{"rendered":"Pagina di esempio"},"content":{"rendered":"<!DOCTYPE html PUBLIC \"-\/\/W3C\/\/DTD HTML 4.0 Transitional\/\/EN\" \"http:\/\/www.w3.org\/TR\/REC-html40\/loose.dtd\">\n<html><body><p>Questa \u00e8 una pagina di esempio. Differisce da un articolo di un blog perch\u00e9 rimane sempre allo stesso posto e (in molti temi) appare nel menu di navigazione. Molte persone iniziano con una pagina di Informazioni che li presentano ai visitatori del sito. Potrebbe apparire una presentazione del tipo:<\/p>\n\n\n\n<blockquote class=\"wp-block-quote is-layout-flow wp-block-quote-is-layout-flow\"><p>Ciao! Sono un fattorino ciclista di giorno, aspirante attore di notte e questo \u00e8 il mio sito web. Vivo a Los Angeles, ho un grande cane di nome Jack e mi piace la pi\u00f1a colada. (E prendere la pioggia)<\/p><\/blockquote>\n\n\n\n<p>\u2026o qualcosa di simile:<\/p>\n\n\n\n<blockquote class=\"wp-block-quote is-layout-flow wp-block-quote-is-layout-flow\"><p>La Societ\u00e0 XYZ Aggeggi \u00e8 stata fondata nel 1971 e da allora fornisce al pubblico aggeggi di ottima qualit\u00e0. Situata a Fantasilandia, XYZ impiega oltre 2.000 persone e realizza ogni sorta di aggeggio fantastico per la comunit\u00e0 di Fantasilandia.<\/p><\/blockquote>\n\n\n\n<p>Come nuovo utente di WordPress, dovresti andare nella tua <a href=\"https:\/\/organicals.it\/wp-admin\/\" data-link=\"https:\/\/organicals.it\/wp-admin\/\" data-button=\"LinkPreview\" id=\"1\">Bacheca<\/a> per eliminare questa pagina, e crearne delle nuove per i tuoi contenuti. Divertiti!<\/p>\n<\/body><\/html>","protected":false},"excerpt":{"rendered":"<p>Questa \u00e8 una pagina di esempio. Differisce da un articolo di un blog perch\u00e9 rimane sempre allo stesso posto e (in molti temi) appare nel menu di navigazione. Molte persone iniziano con una pagina di Informazioni che li presentano ai visitatori del sito. Potrebbe apparire una presentazione del tipo: Ciao! Sono un fattorino ciclista di [&hellip;]<\/p>\n","protected":false},"author":17,"featured_media":0,"parent":0,"menu_order":0,"comment_status":"closed","ping_status":"closed","template":"","meta":{"footnotes":""},"class_list":["post-2","page","type-page","status-publish","hentry"],"yoast_head":"<!-- This site is optimized with the Yoast SEO plugin v27.4 - https:\/\/yoast.com\/product\/yoast-seo-wordpress\/ -->\n<title>Pagina di esempio - Organicals<\/title>\n<meta name=\"robots\" content=\"index, follow, max-snippet:-1, max-image-preview:large, max-video-preview:-1\" \/>\n<link rel=\"canonical\" href=\"https:\/\/organicals.it\/en\/pagina-di-esempio\/\" \/>\n<meta property=\"og:locale\" content=\"en_GB\" \/>\n<meta property=\"og:type\" content=\"article\" \/>\n<meta property=\"og:title\" content=\"Pagina di esempio - Organicals\" \/>\n<meta property=\"og:description\" content=\"Questa \u00e8 una pagina di esempio. Differisce da un articolo di un blog perch\u00e9 rimane sempre allo stesso posto e (in molti temi) appare nel menu di navigazione. Molte persone iniziano con una pagina di Informazioni che li presentano ai visitatori del sito. Potrebbe apparire una presentazione del tipo: Ciao! Sono un fattorino ciclista di [&hellip;]\" \/>\n<meta property=\"og:url\" content=\"https:\/\/organicals.it\/en\/pagina-di-esempio\/\" \/>\n<meta property=\"og:site_name\" content=\"Organicals\" \/>\n<meta name=\"twitter:card\" content=\"summary_large_image\" \/>\n<meta name=\"twitter:label1\" content=\"Estimated reading time\" \/>\n\t<meta name=\"twitter:data1\" content=\"1 minute\" \/>\n<script type=\"application\/ld+json\" class=\"yoast-schema-graph\">{\"@context\":\"https:\\\/\\\/schema.org\",\"@graph\":[{\"@type\":\"WebPage\",\"@id\":\"https:\\\/\\\/organicals.it\\\/en\\\/pagina-di-esempio\\\/\",\"url\":\"https:\\\/\\\/organicals.it\\\/en\\\/pagina-di-esempio\\\/\",\"name\":\"Pagina di esempio - Organicals\",\"isPartOf\":{\"@id\":\"https:\\\/\\\/organicals.it\\\/#website\"},\"datePublished\":\"2023-09-26T10:27:15+00:00\",\"breadcrumb\":{\"@id\":\"https:\\\/\\\/organicals.it\\\/en\\\/pagina-di-esempio\\\/#breadcrumb\"},\"inLanguage\":\"en-GB\",\"potentialAction\":[{\"@type\":\"ReadAction\",\"target\":[\"https:\\\/\\\/organicals.it\\\/en\\\/pagina-di-esempio\\\/\"]}]},{\"@type\":\"BreadcrumbList\",\"@id\":\"https:\\\/\\\/organicals.it\\\/en\\\/pagina-di-esempio\\\/#breadcrumb\",\"itemListElement\":[{\"@type\":\"ListItem\",\"position\":1,\"name\":\"Home\",\"item\":\"https:\\\/\\\/organicals.it\\\/\"},{\"@type\":\"ListItem\",\"position\":2,\"name\":\"Pagina di esempio\"}]},{\"@type\":\"WebSite\",\"@id\":\"https:\\\/\\\/organicals.it\\\/#website\",\"url\":\"https:\\\/\\\/organicals.it\\\/\",\"name\":\"Organicals\",\"description\":\"Under Construction\",\"publisher\":{\"@id\":\"https:\\\/\\\/organicals.it\\\/#organization\"},\"potentialAction\":[{\"@type\":\"SearchAction\",\"target\":{\"@type\":\"EntryPoint\",\"urlTemplate\":\"https:\\\/\\\/organicals.it\\\/?s={search_term_string}\"},\"query-input\":{\"@type\":\"PropertyValueSpecification\",\"valueRequired\":true,\"valueName\":\"search_term_string\"}}],\"inLanguage\":\"en-GB\"},{\"@type\":\"Organization\",\"@id\":\"https:\\\/\\\/organicals.it\\\/#organization\",\"name\":\"Organicals\",\"url\":\"https:\\\/\\\/organicals.it\\\/\",\"logo\":{\"@type\":\"ImageObject\",\"inLanguage\":\"en-GB\",\"@id\":\"https:\\\/\\\/organicals.it\\\/#\\\/schema\\\/logo\\\/image\\\/\",\"url\":\"https:\\\/\\\/organicals.it\\\/wp-content\\\/uploads\\\/2023\\\/09\\\/organicals-logo-black-1-1.png\",\"contentUrl\":\"https:\\\/\\\/organicals.it\\\/wp-content\\\/uploads\\\/2023\\\/09\\\/organicals-logo-black-1-1.png\",\"width\":323,\"height\":36,\"caption\":\"Organicals\"},\"image\":{\"@id\":\"https:\\\/\\\/organicals.it\\\/#\\\/schema\\\/logo\\\/image\\\/\"}}]}<\/script>\n<!-- \/ Yoast SEO plugin. -->","yoast_head_json":{"title":"Pagina di esempio - Organicals","robots":{"index":"index","follow":"follow","max-snippet":"max-snippet:-1","max-image-preview":"max-image-preview:large","max-video-preview":"max-video-preview:-1"},"canonical":"https:\/\/organicals.it\/en\/pagina-di-esempio\/","og_locale":"en_GB","og_type":"article","og_title":"Pagina di esempio - Organicals","og_description":"Questa \u00e8 una pagina di esempio. Differisce da un articolo di un blog perch\u00e9 rimane sempre allo stesso posto e (in molti temi) appare nel menu di navigazione. Molte persone iniziano con una pagina di Informazioni che li presentano ai visitatori del sito. Potrebbe apparire una presentazione del tipo: Ciao! Sono un fattorino ciclista di [&hellip;]","og_url":"https:\/\/organicals.it\/en\/pagina-di-esempio\/","og_site_name":"Organicals","twitter_card":"summary_large_image","twitter_misc":{"Estimated reading time":"1 minute"},"schema":{"@context":"https:\/\/schema.org","@graph":[{"@type":"WebPage","@id":"https:\/\/organicals.it\/en\/pagina-di-esempio\/","url":"https:\/\/organicals.it\/en\/pagina-di-esempio\/","name":"Pagina di esempio - Organicals","isPartOf":{"@id":"https:\/\/organicals.it\/#website"},"datePublished":"2023-09-26T10:27:15+00:00","breadcrumb":{"@id":"https:\/\/organicals.it\/en\/pagina-di-esempio\/#breadcrumb"},"inLanguage":"en-GB","potentialAction":[{"@type":"ReadAction","target":["https:\/\/organicals.it\/en\/pagina-di-esempio\/"]}]},{"@type":"BreadcrumbList","@id":"https:\/\/organicals.it\/en\/pagina-di-esempio\/#breadcrumb","itemListElement":[{"@type":"ListItem","position":1,"name":"Home","item":"https:\/\/organicals.it\/"},{"@type":"ListItem","position":2,"name":"Pagina di esempio"}]},{"@type":"WebSite","@id":"https:\/\/organicals.it\/#website","url":"https:\/\/organicals.it\/","name":"Organicals","description":"Under Construction","publisher":{"@id":"https:\/\/organicals.it\/#organization"},"potentialAction":[{"@type":"SearchAction","target":{"@type":"EntryPoint","urlTemplate":"https:\/\/organicals.it\/?s={search_term_string}"},"query-input":{"@type":"PropertyValueSpecification","valueRequired":true,"valueName":"search_term_string"}}],"inLanguage":"en-GB"},{"@type":"Organization","@id":"https:\/\/organicals.it\/#organization","name":"Organicals","url":"https:\/\/organicals.it\/","logo":{"@type":"ImageObject","inLanguage":"en-GB","@id":"https:\/\/organicals.it\/#\/schema\/logo\/image\/","url":"https:\/\/organicals.it\/wp-content\/uploads\/2023\/09\/organicals-logo-black-1-1.png","contentUrl":"https:\/\/organicals.it\/wp-content\/uploads\/2023\/09\/organicals-logo-black-1-1.png","width":323,"height":36,"caption":"Organicals"},"image":{"@id":"https:\/\/organicals.it\/#\/schema\/logo\/image\/"}}]}},"_links":{"self":[{"href":"https:\/\/organicals.it\/en\/wp-json\/wp\/v2\/pages\/2","targetHints":{"allow":["GET"]}}],"collection":[{"href":"https:\/\/organicals.it\/en\/wp-json\/wp\/v2\/pages"}],"about":[{"href":"https:\/\/organicals.it\/en\/wp-json\/wp\/v2\/types\/page"}],"author":[{"embeddable":true,"href":"https:\/\/organicals.it\/en\/wp-json\/wp\/v2\/users\/17"}],"replies":[{"embeddable":true,"href":"https:\/\/organicals.it\/en\/wp-json\/wp\/v2\/comments?post=2"}],"version-history":[{"count":0,"href":"https:\/\/organicals.it\/en\/wp-json\/wp\/v2\/pages\/2\/revisions"}],"wp:attachment":[{"href":"https:\/\/organicals.it\/en\/wp-json\/wp\/v2\/media?parent=2"}],"curies":[{"name":"wp","href":"https:\/\/api.w.org\/{rel}","templated":true}]}}